{"id":1843,"date":"2021-04-22T14:59:20","date_gmt":"2021-04-22T13:59:20","guid":{"rendered":"https:\/\/www.fitfiu-fitness.com\/blog-fitness\/?page_id=1843"},"modified":"2022-05-18T11:02:42","modified_gmt":"2022-05-18T10:02:42","slug":"recetas","status":"publish","type":"page","link":"https:\/\/www.fitfiu-fitness.com\/blog-fitness\/recetas\/","title":{"rendered":"Recetas fitness"},"content":{"rendered":"\n<h2 class=\"subtitulo-blog-principal wp-block-heading\">La mejor nutrici\u00f3n para tu entrenamiento<\/h2>\n\n\n\n<h4 class=\"eslogan-title wp-block-heading\">En FITFIU te asesoramos<\/h4>\n\n\n<div class=\"separador-titulos\">\n<hr>\n<\/div>\n\n\n","protected":false},"excerpt":{"rendered":"<p>La mejor nutrici\u00f3n para tu entrenamiento En FITFIU te asesoramos<\/p>\n","protected":false},"author":13,"featured_media":0,"parent":0,"menu_order":0,"comment_status":"closed","ping_status":"closed","template":"templates\/page-pilar.php","meta":{"footnotes":""},"class_list":["post-1843","page","type-page","status-publish","hentry"],"acf":[],"yoast_head":"<!-- This site is optimized with the Yoast SEO plugin v24.5 - https:\/\/yoast.com\/wordpress\/plugins\/seo\/ -->\n<title>\u1408 Recetas FITFIU Fitness 2026<\/title>\n<meta name=\"description\" content=\"Deleita el paladar m\u00e1s fitness con las recetas de FITFIU. Aprende paso a paso a prepararlas f\u00e1cil y r\u00e1pidamente.\" \/>\n<meta name=\"robots\" content=\"index, follow, max-snippet:-1, max-image-preview:large, max-video-preview:-1\" \/>\n<link rel=\"canonical\" href=\"https:\/\/www.fitfiu-fitness.com\/blog-fitness\/recetas\/\" \/>\n<meta property=\"og:locale\" content=\"es_ES\" \/>\n<meta property=\"og:type\" content=\"article\" \/>\n<meta property=\"og:title\" content=\"\u1408 Recetas FITFIU Fitness 2026\" \/>\n<meta property=\"og:description\" content=\"Deleita el paladar m\u00e1s fitness con las recetas de FITFIU. Aprende paso a paso a prepararlas f\u00e1cil y r\u00e1pidamente.\" \/>\n<meta property=\"og:url\" content=\"https:\/\/www.fitfiu-fitness.com\/blog-fitness\/recetas\/\" \/>\n<meta property=\"og:site_name\" content=\"Blog FITFIU Fitness\" \/>\n<meta property=\"article:modified_time\" content=\"2022-05-18T10:02:42+00:00\" \/>\n<meta name=\"twitter:card\" content=\"summary_large_image\" \/>\n<meta name=\"twitter:label1\" content=\"Tiempo de lectura\" \/>\n\t<meta name=\"twitter:data1\" content=\"1 minuto\" \/>\n<script type=\"application\/ld+json\" class=\"yoast-schema-graph\">{\"@context\":\"https:\/\/schema.org\",\"@graph\":[{\"@type\":\"WebPage\",\"@id\":\"https:\/\/www.fitfiu-fitness.com\/blog-fitness\/recetas\/\",\"url\":\"https:\/\/www.fitfiu-fitness.com\/blog-fitness\/recetas\/\",\"name\":\"\u1408 Recetas FITFIU Fitness 2026\",\"isPartOf\":{\"@id\":\"https:\/\/www.fitfiu-fitness.com\/blog-fitness\/#website\"},\"datePublished\":\"2021-04-22T13:59:20+00:00\",\"dateModified\":\"2022-05-18T10:02:42+00:00\",\"description\":\"Deleita el paladar m\u00e1s fitness con las recetas de FITFIU. Aprende paso a paso a prepararlas f\u00e1cil y r\u00e1pidamente.\",\"breadcrumb\":{\"@id\":\"https:\/\/www.fitfiu-fitness.com\/blog-fitness\/recetas\/#breadcrumb\"},\"inLanguage\":\"es\",\"potentialAction\":[{\"@type\":\"ReadAction\",\"target\":[\"https:\/\/www.fitfiu-fitness.com\/blog-fitness\/recetas\/\"]}]},{\"@type\":\"BreadcrumbList\",\"@id\":\"https:\/\/www.fitfiu-fitness.com\/blog-fitness\/recetas\/#breadcrumb\",\"itemListElement\":[{\"@type\":\"ListItem\",\"position\":1,\"name\":\"Home\",\"item\":\"https:\/\/www.fitfiu-fitness.com\/blog-fitness\/\"},{\"@type\":\"ListItem\",\"position\":2,\"name\":\"Recetas fitness\"}]},{\"@type\":\"WebSite\",\"@id\":\"https:\/\/www.fitfiu-fitness.com\/blog-fitness\/#website\",\"url\":\"https:\/\/www.fitfiu-fitness.com\/blog-fitness\/\",\"name\":\"Blog FITFIU Fitness\",\"description\":\"\",\"potentialAction\":[{\"@type\":\"SearchAction\",\"target\":{\"@type\":\"EntryPoint\",\"urlTemplate\":\"https:\/\/www.fitfiu-fitness.com\/blog-fitness\/?s={search_term_string}\"},\"query-input\":{\"@type\":\"PropertyValueSpecification\",\"valueRequired\":true,\"valueName\":\"search_term_string\"}}],\"inLanguage\":\"es\"}]}<\/script>\n<!-- \/ Yoast SEO plugin. -->","yoast_head_json":{"title":"\u1408 Recetas FITFIU Fitness 2026","description":"Deleita el paladar m\u00e1s fitness con las recetas de FITFIU. Aprende paso a paso a prepararlas f\u00e1cil y r\u00e1pidamente.","robots":{"index":"index","follow":"follow","max-snippet":"max-snippet:-1","max-image-preview":"max-image-preview:large","max-video-preview":"max-video-preview:-1"},"canonical":"https:\/\/www.fitfiu-fitness.com\/blog-fitness\/recetas\/","og_locale":"es_ES","og_type":"article","og_title":"\u1408 Recetas FITFIU Fitness 2026","og_description":"Deleita el paladar m\u00e1s fitness con las recetas de FITFIU. Aprende paso a paso a prepararlas f\u00e1cil y r\u00e1pidamente.","og_url":"https:\/\/www.fitfiu-fitness.com\/blog-fitness\/recetas\/","og_site_name":"Blog FITFIU Fitness","article_modified_time":"2022-05-18T10:02:42+00:00","twitter_card":"summary_large_image","twitter_misc":{"Tiempo de lectura":"1 minuto"},"schema":{"@context":"https:\/\/schema.org","@graph":[{"@type":"WebPage","@id":"https:\/\/www.fitfiu-fitness.com\/blog-fitness\/recetas\/","url":"https:\/\/www.fitfiu-fitness.com\/blog-fitness\/recetas\/","name":"\u1408 Recetas FITFIU Fitness 2026","isPartOf":{"@id":"https:\/\/www.fitfiu-fitness.com\/blog-fitness\/#website"},"datePublished":"2021-04-22T13:59:20+00:00","dateModified":"2022-05-18T10:02:42+00:00","description":"Deleita el paladar m\u00e1s fitness con las recetas de FITFIU. Aprende paso a paso a prepararlas f\u00e1cil y r\u00e1pidamente.","breadcrumb":{"@id":"https:\/\/www.fitfiu-fitness.com\/blog-fitness\/recetas\/#breadcrumb"},"inLanguage":"es","potentialAction":[{"@type":"ReadAction","target":["https:\/\/www.fitfiu-fitness.com\/blog-fitness\/recetas\/"]}]},{"@type":"BreadcrumbList","@id":"https:\/\/www.fitfiu-fitness.com\/blog-fitness\/recetas\/#breadcrumb","itemListElement":[{"@type":"ListItem","position":1,"name":"Home","item":"https:\/\/www.fitfiu-fitness.com\/blog-fitness\/"},{"@type":"ListItem","position":2,"name":"Recetas fitness"}]},{"@type":"WebSite","@id":"https:\/\/www.fitfiu-fitness.com\/blog-fitness\/#website","url":"https:\/\/www.fitfiu-fitness.com\/blog-fitness\/","name":"Blog FITFIU Fitness","description":"","potentialAction":[{"@type":"SearchAction","target":{"@type":"EntryPoint","urlTemplate":"https:\/\/www.fitfiu-fitness.com\/blog-fitness\/?s={search_term_string}"},"query-input":{"@type":"PropertyValueSpecification","valueRequired":true,"valueName":"search_term_string"}}],"inLanguage":"es"}]}},"_links":{"self":[{"href":"https:\/\/www.fitfiu-fitness.com\/blog-fitness\/wp-json\/wp\/v2\/pages\/1843","targetHints":{"allow":["GET"]}}],"collection":[{"href":"https:\/\/www.fitfiu-fitness.com\/blog-fitness\/wp-json\/wp\/v2\/pages"}],"about":[{"href":"https:\/\/www.fitfiu-fitness.com\/blog-fitness\/wp-json\/wp\/v2\/types\/page"}],"author":[{"embeddable":true,"href":"https:\/\/www.fitfiu-fitness.com\/blog-fitness\/wp-json\/wp\/v2\/users\/13"}],"replies":[{"embeddable":true,"href":"https:\/\/www.fitfiu-fitness.com\/blog-fitness\/wp-json\/wp\/v2\/comments?post=1843"}],"version-history":[{"count":2,"href":"https:\/\/www.fitfiu-fitness.com\/blog-fitness\/wp-json\/wp\/v2\/pages\/1843\/revisions"}],"predecessor-version":[{"id":1848,"href":"https:\/\/www.fitfiu-fitness.com\/blog-fitness\/wp-json\/wp\/v2\/pages\/1843\/revisions\/1848"}],"wp:attachment":[{"href":"https:\/\/www.fitfiu-fitness.com\/blog-fitness\/wp-json\/wp\/v2\/media?parent=1843"}],"curies":[{"name":"wp","href":"https:\/\/api.w.org\/{rel}","templated":true}]}}