{"id":1207,"date":"2020-12-30T16:27:32","date_gmt":"2020-12-30T15:27:32","guid":{"rendered":"https:\/\/www.fitfiu-fitness.com\/blog-fitness\/?page_id=1207"},"modified":"2022-05-18T11:03:11","modified_gmt":"2022-05-18T10:03:11","slug":"entrenamientos","status":"publish","type":"page","link":"https:\/\/www.fitfiu-fitness.com\/blog-fitness\/entrenamientos\/","title":{"rendered":"Entrenamientos FITFIU Fitness"},"content":{"rendered":"\n<h2 class=\"subtitulo-blog-principal wp-block-heading\">\u00bfQu\u00e9 tipo de entrenamiento te interesa?<\/h2>\n\n\n\n<div class=\"wp-block-group menu-secciones\"><div class=\"wp-block-group__inner-container is-layout-flow wp-block-group-is-layout-flow\">\n<ul class=\"lista-secciones-opciones wp-block-list\"><li class=\"cardio\">CARDIO<\/li><li class=\"musculacion\">MUSCULACI\u00d3N<\/li><li class=\"wellness\">WELLNESS<\/li><li class=\"cross\">CROSS TRAINING<\/li><\/ul>\n<\/div><\/div>\n\n\n\n<h2 class=\"subtitulo-blog-principal wp-block-heading\">\u00bfQuieres entrenar con nuestros influencers?<\/h2>\n\n\n\n\n\n<div class=\"banner-title-l cardio-title full-width\" style=\"background-image:url('https:\/\/www.fitfiu-fitness.com\/blog-fitness\/wp-content\/uploads\/2020\/12\/CARDIO_02-1024x512.jpg')\">\n<h2 class=\"banner-title-l-text\" =\"\"=\"\">CARDIO<\/h2><\/div>\n\n\n\n<h2 class=\"presentacion-titulo titulo-superior wp-block-heading\">Pero, \u00bfqu\u00e9 es un entrenamiento de cardio?<\/h2>\n\n\n\n<p class=\"presentacion-detalles italic\"><strong>Es<\/strong> <strong>un tipo de actividad deportiva con el objetivo de potenciar y reforzar el sistema cardiovascular<\/strong>. Te ayuda a quemar grasa, fortalece tus m\u00fasculos, mejoras la respiraci\u00f3n\u2026 Sentir\u00e1s como la salud de tu coraz\u00f3n, la velocidad y tu metabolismo mejoran sesi\u00f3n tras sesi\u00f3n. F\u00edjate un objetivo y controla la intensidad de tu entrenamiento seg\u00fan tus necesidades y preparaci\u00f3n f\u00edsica previa.<\/p>\n\n\n<div class=\"separador-titulos\">\n<hr>\n<\/div>\n\n\n\n\n\n<div class=\"wp-block-buttons is-layout-flex wp-block-buttons-is-layout-flex\">\n<div class=\"wp-block-button\"><a class=\"wp-block-button__link\" href=\"https:\/\/www.fitfiu-fitness.com\/blog-fitness\/es\/entrenamientos\/entrenamientos-cardio\/\">Ver todas las rutinas de CARDIO<\/a><\/div>\n<\/div>\n\n\n\n<div class=\"wp-block-group product-row product-row-p1\"><div class=\"wp-block-group__inner-container is-layout-flow wp-block-group-is-layout-flow\">\n<p><\/p>\n<\/div><\/div>\n\n\n\n<div class=\"banner-title-l musculacion-title full-width\" style=\"background-image:url('https:\/\/www.fitfiu-fitness.com\/blog-fitness\/wp-content\/uploads\/2020\/12\/MUSCULACION_02-1024x512.jpg')\">\n<h2 class=\"banner-title-l-text\" =\"\"=\"\">MUSCULACION<\/h2><\/div>\n\n\n\n<h2 class=\"presentacion-titulo titulo-superior wp-block-heading\">Pero, \u00bfqu\u00e9 es un entrenamiento de musculaci\u00f3n?<\/h2>\n\n\n\n<p class=\"presentacion-detalles\"><strong>Es un tipo de actividad deportiva con el objetivo de potenciar y fortalecer los m\u00fasculos de tu cuerpo<\/strong>. Te tonificar\u00e1s mientras reduces la grasa corporal, aumentas la resistencia y quemas las calor\u00edas de manera eficiente. Sentir\u00e1s como tu cuerpo se deshace de la flacidez gracias al trabajo seg\u00fan tus objetivos. Ten en cuenta tu condici\u00f3n f\u00edsica previa al empezar a realizar tus ejercicios, controlando la intensidad de tu entrenamiento para que puedas disfrutar de resultados cuidando tu cuerpo.<\/p>\n\n\n<div class=\"separador-titulos\">\n<hr>\n<\/div>\n\n\n\n\n\n<div class=\"wp-block-buttons is-layout-flex wp-block-buttons-is-layout-flex\">\n<div class=\"wp-block-button\"><a class=\"wp-block-button__link\" href=\"https:\/\/www.fitfiu-fitness.com\/blog-fitness\/es\/entrenamientos\/entrenamientos-musculacion\/\">Ver todas las rutinas de MUSCULACI\u00d3N<\/a><\/div>\n<\/div>\n\n\n\n<p><\/p>\n\n\n\n<div class=\"banner-title-l wellness-title full-width\" style=\"background-image:url('https:\/\/www.fitfiu-fitness.com\/blog-fitness\/wp-content\/uploads\/2020\/12\/WELLNESS_02-1024x512.jpg')\">\n<h2 class=\"banner-title-l-text\" =\"\"=\"\">WELLNESS<\/h2><\/div>\n\n\n\n<h2 class=\"presentacion-titulo titulo-superior wp-block-heading\">Pero, \u00bfqu\u00e9 es un entrenamiento wellness?<\/h2>\n\n\n\n<p class=\"presentacion-detalles\"><strong>Esta disciplina destaca por constituir un estilo de vida que se centra en cuidar tu f\u00edsico y tu mente<\/strong>. Realizar\u00e1s una gran variedad de entrenamientos gracias a la versatilidad de esta filosof\u00eda de vida. Uno de los principales objetivos de esta tipolog\u00eda de entrenamiento es tonificar tus m\u00fasculos, mejorar la postura corporal y sanear tu mente a trav\u00e9s del ejercicio f\u00edsico. Sentir\u00e1s c\u00f3mo tu cuerpo y mente trabajan en sinton\u00eda aumentando el rendimiento sesi\u00f3n tras sesi\u00f3n.<\/p>\n\n\n<div class=\"separador-titulos\">\n<hr>\n<\/div>\n\n\n\n\n\n<div class=\"wp-block-buttons is-layout-flex wp-block-buttons-is-layout-flex\">\n<div class=\"wp-block-button\"><a class=\"wp-block-button__link\" href=\"https:\/\/www.fitfiu-fitness.com\/blog-fitness\/es\/entrenamientos\/entrenamientos-yoga\/\">Ver todas las rutinas de YOGA<\/a><\/div>\n<\/div>\n\n\n\n\n\n<div class=\"wp-block-buttons is-layout-flex wp-block-buttons-is-layout-flex\">\n<div class=\"wp-block-button\"><a class=\"wp-block-button__link\" href=\"https:\/\/www.fitfiu-fitness.com\/blog-fitness\/es\/entrenamientos\/entrenamientos-pilates\/\">Ver todas las rutinas de PILATES<\/a><\/div>\n<\/div>\n\n\n\n<p><\/p>\n\n\n\n<div class=\"banner-title-l cross-title full-width\" style=\"background-image:url('https:\/\/www.fitfiu-fitness.com\/blog-fitness\/wp-content\/uploads\/2020\/12\/CROSSTRAINING_02-1024x512.jpg')\">\n<h2 class=\"banner-title-l-text\" =\"\"=\"\">CROSS TRAINING<\/h2><\/div>\n\n\n\n<h2 class=\"presentacion-titulo titulo-superior wp-block-heading\">Pero, \u00bfqu\u00e9 es un entrenamiento de cross training?<\/h2>\n\n\n\n<p class=\"presentacion-detalles\"><strong>Esta modalidad deportiva se basa en sesiones de fuerza con ejercicios funcionales de alta intensidad<\/strong>. Destaca por la gran cantidad de ejercicios que se pueden combinar durante las sesiones y porque es el usuario quien decide la resistencia de cada ejercicio. Con este tipo de entrenamiento puedes desarrollar resistencia cardiovascular, resistencia energ\u00e9tica, fuerza, flexibilidad, potencia, velocidad, coordinaci\u00f3n, agilidad, equilibrio y precisi\u00f3n. F\u00edjate objetivos claros, sesi\u00f3n tras sesi\u00f3n, sup\u00e9ralos y sigue ret\u00e1ndote.<\/p>\n\n\n<div class=\"separador-titulos\">\n<hr>\n<\/div>\n\n\n","protected":false},"excerpt":{"rendered":"<p>\u00bfQu\u00e9 tipo de entrenamiento te interesa? CARDIO MUSCULACI\u00d3N WELLNESS CROSS TRAINING \u00bfQuieres entrenar con nuestros influencers? CARDIO Pero, \u00bfqu\u00e9 es un entrenamiento de cardio? Es un tipo de actividad deportiva con el objetivo de potenciar y reforzar el sistema cardiovascular. Te ayuda a quemar grasa, fortalece tus m\u00fasculos, mejoras la respiraci\u00f3n\u2026 Sentir\u00e1s como la salud de tu coraz\u00f3n, la velocidad y tu metabolismo mejoran sesi\u00f3n tras sesi\u00f3n. F\u00edjate un objetivo&#8230;<\/p>\n","protected":false},"author":13,"featured_media":0,"parent":0,"menu_order":0,"comment_status":"closed","ping_status":"open","template":"","meta":{"footnotes":""},"class_list":["post-1207","page","type-page","status-publish","hentry"],"acf":[],"yoast_head":"<!-- This site is optimized with the Yoast SEO plugin v24.5 - https:\/\/yoast.com\/wordpress\/plugins\/seo\/ -->\n<title>\u1408 Entrenamientos FITFIU Fitness 2026<\/title>\n<meta name=\"description\" content=\"En FITFIU tienes los mejores trucos, consejos y recomendaciones para tu entrenamiento fitness en casa u outdoor.\" \/>\n<meta name=\"robots\" content=\"index, follow, max-snippet:-1, max-image-preview:large, max-video-preview:-1\" \/>\n<link rel=\"canonical\" href=\"https:\/\/www.fitfiu-fitness.com\/blog-fitness\/entrenamientos\/\" \/>\n<meta property=\"og:locale\" content=\"es_ES\" \/>\n<meta property=\"og:type\" content=\"article\" \/>\n<meta property=\"og:title\" content=\"\u1408 Entrenamientos FITFIU Fitness 2026\" \/>\n<meta property=\"og:description\" content=\"En FITFIU tienes los mejores trucos, consejos y recomendaciones para tu entrenamiento fitness en casa u outdoor.\" \/>\n<meta property=\"og:url\" content=\"https:\/\/www.fitfiu-fitness.com\/blog-fitness\/entrenamientos\/\" \/>\n<meta property=\"og:site_name\" content=\"Blog FITFIU Fitness\" \/>\n<meta property=\"article:modified_time\" content=\"2022-05-18T10:03:11+00:00\" \/>\n<meta name=\"twitter:card\" content=\"summary_large_image\" \/>\n<meta name=\"twitter:label1\" content=\"Tiempo de lectura\" \/>\n\t<meta name=\"twitter:data1\" content=\"2 minutos\" \/>\n<script type=\"application\/ld+json\" class=\"yoast-schema-graph\">{\"@context\":\"https:\/\/schema.org\",\"@graph\":[{\"@type\":\"WebPage\",\"@id\":\"https:\/\/www.fitfiu-fitness.com\/blog-fitness\/entrenamientos\/\",\"url\":\"https:\/\/www.fitfiu-fitness.com\/blog-fitness\/entrenamientos\/\",\"name\":\"\u1408 Entrenamientos FITFIU Fitness 2026\",\"isPartOf\":{\"@id\":\"https:\/\/www.fitfiu-fitness.com\/blog-fitness\/#website\"},\"datePublished\":\"2020-12-30T15:27:32+00:00\",\"dateModified\":\"2022-05-18T10:03:11+00:00\",\"description\":\"En FITFIU tienes los mejores trucos, consejos y recomendaciones para tu entrenamiento fitness en casa u outdoor.\",\"breadcrumb\":{\"@id\":\"https:\/\/www.fitfiu-fitness.com\/blog-fitness\/entrenamientos\/#breadcrumb\"},\"inLanguage\":\"es\",\"potentialAction\":[{\"@type\":\"ReadAction\",\"target\":[\"https:\/\/www.fitfiu-fitness.com\/blog-fitness\/entrenamientos\/\"]}]},{\"@type\":\"BreadcrumbList\",\"@id\":\"https:\/\/www.fitfiu-fitness.com\/blog-fitness\/entrenamientos\/#breadcrumb\",\"itemListElement\":[{\"@type\":\"ListItem\",\"position\":1,\"name\":\"Home\",\"item\":\"https:\/\/www.fitfiu-fitness.com\/blog-fitness\/\"},{\"@type\":\"ListItem\",\"position\":2,\"name\":\"Entrenamientos FITFIU Fitness\"}]},{\"@type\":\"WebSite\",\"@id\":\"https:\/\/www.fitfiu-fitness.com\/blog-fitness\/#website\",\"url\":\"https:\/\/www.fitfiu-fitness.com\/blog-fitness\/\",\"name\":\"Blog FITFIU Fitness\",\"description\":\"\",\"potentialAction\":[{\"@type\":\"SearchAction\",\"target\":{\"@type\":\"EntryPoint\",\"urlTemplate\":\"https:\/\/www.fitfiu-fitness.com\/blog-fitness\/?s={search_term_string}\"},\"query-input\":{\"@type\":\"PropertyValueSpecification\",\"valueRequired\":true,\"valueName\":\"search_term_string\"}}],\"inLanguage\":\"es\"}]}<\/script>\n<!-- \/ Yoast SEO plugin. -->","yoast_head_json":{"title":"\u1408 Entrenamientos FITFIU Fitness 2026","description":"En FITFIU tienes los mejores trucos, consejos y recomendaciones para tu entrenamiento fitness en casa u outdoor.","robots":{"index":"index","follow":"follow","max-snippet":"max-snippet:-1","max-image-preview":"max-image-preview:large","max-video-preview":"max-video-preview:-1"},"canonical":"https:\/\/www.fitfiu-fitness.com\/blog-fitness\/entrenamientos\/","og_locale":"es_ES","og_type":"article","og_title":"\u1408 Entrenamientos FITFIU Fitness 2026","og_description":"En FITFIU tienes los mejores trucos, consejos y recomendaciones para tu entrenamiento fitness en casa u outdoor.","og_url":"https:\/\/www.fitfiu-fitness.com\/blog-fitness\/entrenamientos\/","og_site_name":"Blog FITFIU Fitness","article_modified_time":"2022-05-18T10:03:11+00:00","twitter_card":"summary_large_image","twitter_misc":{"Tiempo de lectura":"2 minutos"},"schema":{"@context":"https:\/\/schema.org","@graph":[{"@type":"WebPage","@id":"https:\/\/www.fitfiu-fitness.com\/blog-fitness\/entrenamientos\/","url":"https:\/\/www.fitfiu-fitness.com\/blog-fitness\/entrenamientos\/","name":"\u1408 Entrenamientos FITFIU Fitness 2026","isPartOf":{"@id":"https:\/\/www.fitfiu-fitness.com\/blog-fitness\/#website"},"datePublished":"2020-12-30T15:27:32+00:00","dateModified":"2022-05-18T10:03:11+00:00","description":"En FITFIU tienes los mejores trucos, consejos y recomendaciones para tu entrenamiento fitness en casa u outdoor.","breadcrumb":{"@id":"https:\/\/www.fitfiu-fitness.com\/blog-fitness\/entrenamientos\/#breadcrumb"},"inLanguage":"es","potentialAction":[{"@type":"ReadAction","target":["https:\/\/www.fitfiu-fitness.com\/blog-fitness\/entrenamientos\/"]}]},{"@type":"BreadcrumbList","@id":"https:\/\/www.fitfiu-fitness.com\/blog-fitness\/entrenamientos\/#breadcrumb","itemListElement":[{"@type":"ListItem","position":1,"name":"Home","item":"https:\/\/www.fitfiu-fitness.com\/blog-fitness\/"},{"@type":"ListItem","position":2,"name":"Entrenamientos FITFIU Fitness"}]},{"@type":"WebSite","@id":"https:\/\/www.fitfiu-fitness.com\/blog-fitness\/#website","url":"https:\/\/www.fitfiu-fitness.com\/blog-fitness\/","name":"Blog FITFIU Fitness","description":"","potentialAction":[{"@type":"SearchAction","target":{"@type":"EntryPoint","urlTemplate":"https:\/\/www.fitfiu-fitness.com\/blog-fitness\/?s={search_term_string}"},"query-input":{"@type":"PropertyValueSpecification","valueRequired":true,"valueName":"search_term_string"}}],"inLanguage":"es"}]}},"_links":{"self":[{"href":"https:\/\/www.fitfiu-fitness.com\/blog-fitness\/wp-json\/wp\/v2\/pages\/1207","targetHints":{"allow":["GET"]}}],"collection":[{"href":"https:\/\/www.fitfiu-fitness.com\/blog-fitness\/wp-json\/wp\/v2\/pages"}],"about":[{"href":"https:\/\/www.fitfiu-fitness.com\/blog-fitness\/wp-json\/wp\/v2\/types\/page"}],"author":[{"embeddable":true,"href":"https:\/\/www.fitfiu-fitness.com\/blog-fitness\/wp-json\/wp\/v2\/users\/13"}],"replies":[{"embeddable":true,"href":"https:\/\/www.fitfiu-fitness.com\/blog-fitness\/wp-json\/wp\/v2\/comments?post=1207"}],"version-history":[{"count":43,"href":"https:\/\/www.fitfiu-fitness.com\/blog-fitness\/wp-json\/wp\/v2\/pages\/1207\/revisions"}],"predecessor-version":[{"id":3002,"href":"https:\/\/www.fitfiu-fitness.com\/blog-fitness\/wp-json\/wp\/v2\/pages\/1207\/revisions\/3002"}],"wp:attachment":[{"href":"https:\/\/www.fitfiu-fitness.com\/blog-fitness\/wp-json\/wp\/v2\/media?parent=1207"}],"curies":[{"name":"wp","href":"https:\/\/api.w.org\/{rel}","templated":true}]}}